{"id":356,"date":"2026-03-05T09:56:10","date_gmt":"2026-03-05T09:56:10","guid":{"rendered":"https:\/\/win2026.nl\/?page_id=356"},"modified":"2026-03-06T09:51:33","modified_gmt":"2026-03-06T09:51:33","slug":"scientific-committe","status":"publish","type":"page","link":"https:\/\/win2026.nl\/index.php\/scientific-committe\/","title":{"rendered":"Scientific Committee"},"content":{"rendered":"\n<!-- WIN2026 \u00b7 Scientific Committee (Reviewers) \u2014 corrected from source list -->\n\n<style>\n  .win-sci-wrap{max-width:980px;margin:3rem auto;padding:0 16px;}\n  .win-sci-wrap h2{margin:0 0 .75rem 0;}\n  .win-sci-wrap p{font-size:1.1rem;line-height:1.7;color:#222;margin:.6rem 0;}\n  .win-sci-grid{display:grid;grid-template-columns:1fr 1fr;gap:14px 28px;margin-top:1rem;}\n  .win-sci-grid ul{margin:0;padding-left:1.1rem;line-height:1.65;}\n  .win-sci-grid li{margin:.35rem 0;}\n  @media (max-width: 820px){.win-sci-grid{grid-template-columns:1fr;}}\n<\/style>\n\n<div class=\"win-sci-wrap\">\n  <h2>Scientific Committee<\/h2>\n  <p>The following colleagues supported WIN 2026 by reviewing abstracts and contributing to the scientific quality of the programme.<\/p>\n\n  <div class=\"win-sci-grid\">\n    <ul>\n      <li><strong>Adeniyi Okubena<\/strong>, Lagos Water Corporation<\/li>\n      <li><strong>Alexandros Stefanakis<\/strong>, Technical University of Crete<\/li>\n      <li><strong>Ann Mounteer<\/strong>, Universidade Federal de Vi\u00e7osa<\/li>\n      <li><strong>Arya Vijayanandan<\/strong>, Indian Institute of Technology Delhi<\/li>\n      <li><strong>Atheesha Singh<\/strong>, University of Johannesburg<\/li>\n      <li><strong>Bing-Jie Ni<\/strong>, The University of New South Wales<\/li>\n      <li><strong>Bo H\u00f8jris<\/strong>, Grundfos Holding A\/S<\/li>\n      <li><strong>Dalerjon Hojiboev<\/strong>, Mining-metallurgical institute of Tajikistan<\/li>\n      <li><strong>Eric Awere<\/strong>, Cape Coast Technical University<\/li>\n      <li><strong>Francisco Rafael Sousa<\/strong>, Federal Institute of Education, Science and Technology of Cear\u00e1 (IFCE), Fortaleza, CE, Brazil.<\/li>\n      <li><strong>Gargi Biswas<\/strong>, Central Pollution Control Board<\/li>\n      <li><strong>H. M. Solayman<\/strong>, Universiti Malaysia Pahang Al-Sultan Abdullah, Chung Yuan Christian University<\/li>\n      <li><strong>Hassimi Abu Hasan<\/strong>, Universiti Kebangsaan Malaysia<\/li>\n      <li><strong>Hayat Raza<\/strong>, Continental Carbon Group, Inc.<\/li>\n      <li><strong>Henry Nelson ZU\u00d1IGA B<\/strong>, Universidad de Antioquia (University of Antioquia)<\/li>\n      <li><strong>I\u015f\u0131k Kabda\u015fl\u0131<\/strong>, \u0130stanbul Technical University<\/li>\n      <li><strong>Josef Lahnsteiner<\/strong>, VA Tech WABAG<\/li>\n      <li><strong>Klaus Jilg<\/strong>, UNITECHNICS, DEX, DWA<\/li>\n      <li><strong>Malan Kandage Jeevika Prabodini<\/strong>, National Water Supply and Drainage Board, Faculty of Engineering, University of Ruhuna<\/li>\n      <li><strong>Md Mahbub Alam<\/strong>, Eco Growth Industrial Solutions<\/li>\n      <li><strong>Mina Mahdian<\/strong>, University of Toronto<\/li>\n      <li><strong>Mui Choo Jong<\/strong>, Tsinghua Shenzhen International Graduate School<\/li>\n    <\/ul>\n\n    <ul>\n      <li><strong>Mustafa Taher<\/strong>, Faculty of Science and Technology (REALTEK), Norwegian University of Life Science<\/li>\n      <li><strong>Nothando Mungwe<\/strong>, Rand Water<\/li>\n      <li><strong>Olivier Lefebvre<\/strong>, National University of Singapore<\/li>\n      <li><strong>Paul Schausberger<\/strong>, UNIHA Wassertechnologie GmbH<\/li>\n      <li><strong>Qilin Wang<\/strong>, University of Technology Sydney<\/li>\n      <li><strong>Rajesh Dash<\/strong>, Indian Institute of Technology Bhubaneswar, India<\/li>\n      <li><strong>Reyes Sierra-Alva<\/strong>, University of Arizona<\/li>\n      <li><strong>Rukundo Keneth<\/strong>, National Water and Sewerage Corporation<\/li>\n      <li><strong>Sankar Chakma<\/strong>, Indian Institute of Science Education and Research Bhopal<\/li>\n      <li><strong>Siti Norzam Nadizmi<\/strong>, PETRONAS<\/li>\n      <li><strong>Sovik Das<\/strong>, Indian Institute of Technology Delhi<\/li>\n      <li><strong>Suanny Mosquera<\/strong>, Escuela Superior Politecnica Del Litoral (Espol)<\/li>\n      <li><strong>Sven Uwe Geissen<\/strong>, Technische Universitaet Berlin<\/li>\n      <li><strong>Thomas Track<\/strong>, DECHEMA<\/li>\n      <li><strong>Tjandra Setiadi<\/strong>, Institut Teknologi Bandung<\/li>\n      <li><strong>Val S. Frenkel<\/strong>, TYLin INternational<\/li>\n      <li><strong>Vinay Kum Tyagi<\/strong>, National Institute of Hydrology<\/li>\n      <li><strong>Woei Jye Lau<\/strong>, Universiti Teknologi Malaysia<\/li>\n      <li><strong>Wolfgang Uhl<\/strong>, H2U aqua.plan.Ing-GmbH<\/li>\n      <li><strong>Xuan-Thanh Bui<\/strong>, Ho Chi Minh City University of Technology (HCMUT), Vietnam National University Ho Chi Minh<\/li>\n      <li><strong>Yongjun Zhang<\/strong>, Nanjing Tech University<\/li>\n    <\/ul>\n  <\/div>\n<\/div>\n","protected":false},"excerpt":{"rendered":"<p>Scientific Committee The following colleagues supported WIN 2026 by reviewing abstracts and contributing to the scientific quality of the programme. Adeniyi Okubena, [&hellip;]<\/p>\n","protected":false},"author":1,"featured_media":0,"parent":0,"menu_order":0,"comment_status":"closed","ping_status":"closed","template":"","meta":{"footnotes":""},"class_list":["post-356","page","type-page","status-publish","hentry"],"_links":{"self":[{"href":"https:\/\/win2026.nl\/index.php\/wp-json\/wp\/v2\/pages\/356","targetHints":{"allow":["GET"]}}],"collection":[{"href":"https:\/\/win2026.nl\/index.php\/wp-json\/wp\/v2\/pages"}],"about":[{"href":"https:\/\/win2026.nl\/index.php\/wp-json\/wp\/v2\/types\/page"}],"author":[{"embeddable":true,"href":"https:\/\/win2026.nl\/index.php\/wp-json\/wp\/v2\/users\/1"}],"replies":[{"embeddable":true,"href":"https:\/\/win2026.nl\/index.php\/wp-json\/wp\/v2\/comments?post=356"}],"version-history":[{"count":4,"href":"https:\/\/win2026.nl\/index.php\/wp-json\/wp\/v2\/pages\/356\/revisions"}],"predecessor-version":[{"id":362,"href":"https:\/\/win2026.nl\/index.php\/wp-json\/wp\/v2\/pages\/356\/revisions\/362"}],"wp:attachment":[{"href":"https:\/\/win2026.nl\/index.php\/wp-json\/wp\/v2\/media?parent=356"}],"curies":[{"name":"wp","href":"https:\/\/api.w.org\/{rel}","templated":true}]}}